{"id":7600,"date":"2024-06-13T12:05:35","date_gmt":"2024-06-13T11:05:35","guid":{"rendered":"https:\/\/www.llambias.com\/daten-und-wifi-netzwerke-auf-mallorca\/"},"modified":"2025-10-17T14:05:42","modified_gmt":"2025-10-17T13:05:42","slug":"daten-und-wifi-netzwerke-auf-mallorca","status":"publish","type":"page","link":"https:\/\/www.llambias.com\/de\/daten-und-wifi-netzwerke-auf-mallorca\/","title":{"rendered":"Daten- und WiFi-Netzwerke auf Mallorca"},"content":{"rendered":"<p>[et_pb_section fb_built=&#8220;1&#8243; _builder_version=&#8220;4.19.5&#8243; _module_preset=&#8220;default&#8220; background_color=&#8220;#000000&#8243; custom_padding=&#8220;0px||0px||false|false&#8220; locked=&#8220;off&#8220; global_colors_info=&#8220;{}&#8220; theme_builder_area=&#8220;post_content&#8220;][et_pb_row column_structure=&#8220;1_2,1_2&#8243; _builder_version=&#8220;4.19.5&#8243; _module_preset=&#8220;default&#8220; width=&#8220;100%&#8220; max_width=&#8220;100%&#8220; custom_padding=&#8220;0px||0px||false|false&#8220; global_colors_info=&#8220;{}&#8220; theme_builder_area=&#8220;post_content&#8220;][et_pb_column type=&#8220;1_2&#8243; _builder_version=&#8220;4.19.5&#8243; _module_preset=&#8220;default&#8220; custom_padding=&#8220;14vh|12vh||16vh|false|false&#8220; custom_padding_tablet=&#8220;6vh|6vh|2vh|6vh|false|false&#8220; custom_padding_phone=&#8220;4vh|4vh||4vh|false|false&#8220; custom_padding_last_edited=&#8220;on|desktop&#8220; global_colors_info=&#8220;{}&#8220; theme_builder_area=&#8220;post_content&#8220;][et_pb_text _builder_version=&#8220;4.25.1&#8243; _module_preset=&#8220;94aab0b1-7aa2-49e2-885b-c4befb5a59d2&#8243; header_2_font=&#8220;|600|||||||&#8220; header_2_text_color=&#8220;#FFFFFF&#8220; header_2_font_size=&#8220;50px&#8220; custom_margin=&#8220;||10px||false|false&#8220; hover_enabled=&#8220;0&#8243; header_2_font_size_tablet=&#8220;&#8220; header_2_font_size_phone=&#8220;&#8220; header_2_font_size_last_edited=&#8220;on|phone&#8220; global_colors_info=&#8220;{}&#8220; theme_builder_area=&#8220;post_content&#8220; sticky_enabled=&#8220;0&#8243;]<\/p>\n<h2>Daten- und WiFi-Netzwerke auf Mallorca.<\/h2>\n<p>[\/et_pb_text][et_pb_text _builder_version=&#8220;4.25.1&#8243; _module_preset=&#8220;a4c2a08d-bde5-40b7-92f0-875e3c75f2a2&#8243; text_font=&#8220;||||||||&#8220; text_text_color=&#8220;#FFFFFF&#8220; custom_padding=&#8220;||0px|||&#8220; hover_enabled=&#8220;0&#8243; global_colors_info=&#8220;{}&#8220; theme_builder_area=&#8220;post_content&#8220; custom_margin=&#8220;||10px||false|false&#8220; sticky_enabled=&#8220;0&#8243;]<\/p>\n<p>WiFi-Netzwerke, IP-Telefonie, Sicherheit, Zugangskontrolle.<\/p>\n<p>[\/et_pb_text][et_pb_text _builder_version=&#8220;4.25.1&#8243; _module_preset=&#8220;a4c2a08d-bde5-40b7-92f0-875e3c75f2a2&#8243; text_font=&#8220;||||||||&#8220; text_text_color=&#8220;#FFFFFF&#8220; custom_padding=&#8220;||0px|||&#8220; hover_enabled=&#8220;0&#8243; global_colors_info=&#8220;{}&#8220; theme_builder_area=&#8220;post_content&#8220; sticky_enabled=&#8220;0&#8243;]<\/p>\n<p>Wohnumgebungen und Unternehmen.<\/p>\n<p>[\/et_pb_text][\/et_pb_column][et_pb_column type=&#8220;1_2&#8243; _builder_version=&#8220;4.19.5&#8243; _module_preset=&#8220;default&#8220; global_colors_info=&#8220;{}&#8220; theme_builder_area=&#8220;post_content&#8220;][et_pb_image src=&#8220;https:\/\/www.llambias.com\/wp-content\/uploads\/2023\/02\/ubiquiti_mallorca.jpg&#8220; alt=&#8220;Ubiquiti Mallorca&#8220; title_text=&#8220;Ubiquiti Mallorca&#8220; _builder_version=&#8220;4.19.5&#8243; _module_preset=&#8220;default&#8220; global_colors_info=&#8220;{}&#8220; theme_builder_area=&#8220;post_content&#8220;][\/et_pb_image][\/et_pb_column][\/et_pb_row][\/et_pb_section][et_pb_section fb_built=&#8220;1&#8243; admin_label=&#8220;Features&#8220; _builder_version=&#8220;4.19.0&#8243; _module_preset=&#8220;default&#8220; locked=&#8220;off&#8220; collapsed=&#8220;on&#8220; global_colors_info=&#8220;{}&#8220; theme_builder_area=&#8220;post_content&#8220;][et_pb_row column_structure=&#8220;1_3,1_3,1_3&#8243; _builder_version=&#8220;4.19.2&#8243; _module_preset=&#8220;default&#8220; global_colors_info=&#8220;{}&#8220; theme_builder_area=&#8220;post_content&#8220;][et_pb_column type=&#8220;1_3&#8243; _builder_version=&#8220;4.18.1&#8243; _module_preset=&#8220;default&#8220; background_color=&#8220;#FFFFFF&#8220; custom_padding=&#8220;30px|30px|30px|30px|true|true&#8220; custom_padding_tablet=&#8220;30px|30px|30px|30px|true|true&#8220; custom_padding_phone=&#8220;20px|20px|20px|20px|true|true&#8220; custom_padding_last_edited=&#8220;on|phone&#8220; border_radii=&#8220;on|24px|24px|24px|24px&#8220; box_shadow_style=&#8220;preset4&#8243; box_shadow_horizontal=&#8220;0px&#8220; box_shadow_vertical=&#8220;100px&#8220; box_shadow_blur=&#8220;100px&#8220; box_shadow_color=&#8220;rgba(194,194,200,0.4)&#8220; global_colors_info=&#8220;{}&#8220; theme_builder_area=&#8220;post_content&#8220;][et_pb_icon font_icon=&#8220;&#xe602;||divi||400&#8243; icon_color=&#8220;#cecece&#8220; icon_width=&#8220;66px&#8220; align=&#8220;left&#8220; _builder_version=&#8220;4.19.5&#8243; _module_preset=&#8220;default&#8220; global_colors_info=&#8220;{}&#8220; theme_builder_area=&#8220;post_content&#8220;][\/et_pb_icon][et_pb_text _builder_version=&#8220;4.19.5&#8243; _module_preset=&#8220;bbbc8432-a764-4541-bd85-717d432f340b&#8220; global_colors_info=&#8220;{}&#8220; theme_builder_area=&#8220;post_content&#8220;]<\/p>\n<h5>WiFi-Netzwerke<\/h5>\n<p>[\/et_pb_text][et_pb_text _builder_version=&#8220;4.19.5&#8243; _module_preset=&#8220;d85bfe34-f6b6-4301-832c-f1968ad3449b&#8220; global_colors_info=&#8220;{}&#8220; theme_builder_area=&#8220;post_content&#8220;]<\/p>\n<p>Innen- und Au\u00dfen-WiFi-Zugangspunkte.<\/p>\n<p>[\/et_pb_text][\/et_pb_column][et_pb_column type=&#8220;1_3&#8243; _builder_version=&#8220;4.18.1&#8243; _module_preset=&#8220;default&#8220; background_color=&#8220;#FFFFFF&#8220; custom_padding=&#8220;30px|30px|30px|30px|true|true&#8220; custom_padding_tablet=&#8220;30px|30px|30px|30px|true|true&#8220; custom_padding_phone=&#8220;20px|20px|20px|20px|true|true&#8220; custom_padding_last_edited=&#8220;on|phone&#8220; border_radii=&#8220;on|24px|24px|24px|24px&#8220; box_shadow_style=&#8220;preset4&#8243; box_shadow_horizontal=&#8220;0px&#8220; box_shadow_vertical=&#8220;100px&#8220; box_shadow_blur=&#8220;100px&#8220; box_shadow_color=&#8220;rgba(194,194,200,0.4)&#8220; global_colors_info=&#8220;{}&#8220; theme_builder_area=&#8220;post_content&#8220;][et_pb_icon font_icon=&#8220;&#xf0a0;||fa||400&#8243; icon_color=&#8220;#cecece&#8220; icon_width=&#8220;66px&#8220; align=&#8220;left&#8220; _builder_version=&#8220;4.19.5&#8243; _module_preset=&#8220;default&#8220; global_colors_info=&#8220;{}&#8220; theme_builder_area=&#8220;post_content&#8220;][\/et_pb_icon][et_pb_text _builder_version=&#8220;4.19.5&#8243; _module_preset=&#8220;bbbc8432-a764-4541-bd85-717d432f340b&#8220; global_colors_info=&#8220;{}&#8220; theme_builder_area=&#8220;post_content&#8220;]<\/p>\n<h5>Wechseln zu<\/h5>\n<p>[\/et_pb_text][et_pb_text _builder_version=&#8220;4.19.5&#8243; _module_preset=&#8220;d85bfe34-f6b6-4301-832c-f1968ad3449b&#8220; global_colors_info=&#8220;{}&#8220; theme_builder_area=&#8220;post_content&#8220;]<\/p>\n<p>Router und Switches.<\/p>\n<p>[\/et_pb_text][\/et_pb_column][et_pb_column type=&#8220;1_3&#8243; _builder_version=&#8220;4.18.1&#8243; _module_preset=&#8220;default&#8220; background_color=&#8220;#FFFFFF&#8220; custom_padding=&#8220;30px|30px|30px|30px|true|true&#8220; custom_padding_tablet=&#8220;30px|30px|30px|30px|true|true&#8220; custom_padding_phone=&#8220;20px|20px|20px|20px|true|true&#8220; custom_padding_last_edited=&#8220;on|phone&#8220; border_radii=&#8220;on|24px|24px|24px|24px&#8220; box_shadow_style=&#8220;preset4&#8243; box_shadow_horizontal=&#8220;0px&#8220; box_shadow_vertical=&#8220;100px&#8220; box_shadow_blur=&#8220;100px&#8220; box_shadow_color=&#8220;rgba(194,194,200,0.4)&#8220; global_colors_info=&#8220;{}&#8220; theme_builder_area=&#8220;post_content&#8220;][et_pb_icon font_icon=&#8220;&#xf03d;||fa||900&#8243; icon_color=&#8220;#cecece&#8220; icon_width=&#8220;66px&#8220; align=&#8220;left&#8220; _builder_version=&#8220;4.19.5&#8243; _module_preset=&#8220;default&#8220; global_colors_info=&#8220;{}&#8220; theme_builder_area=&#8220;post_content&#8220;][\/et_pb_icon][et_pb_text _builder_version=&#8220;4.19.5&#8243; _module_preset=&#8220;bbbc8432-a764-4541-bd85-717d432f340b&#8220; global_colors_info=&#8220;{}&#8220; theme_builder_area=&#8220;post_content&#8220;]<\/p>\n<h5>\u00dcberwachungskameras<\/h5>\n<p>[\/et_pb_text][et_pb_text _builder_version=&#8220;4.19.5&#8243; _module_preset=&#8220;d85bfe34-f6b6-4301-832c-f1968ad3449b&#8220; global_colors_info=&#8220;{}&#8220; theme_builder_area=&#8220;post_content&#8220;]<\/p>\n<p>IP-\u00dcberwachungskameras.<\/p>\n<p>[\/et_pb_text][\/et_pb_column][\/et_pb_row][et_pb_row column_structure=&#8220;1_2,1_2&#8243; _builder_version=&#8220;4.19.2&#8243; _module_preset=&#8220;default&#8220; global_colors_info=&#8220;{}&#8220; theme_builder_area=&#8220;post_content&#8220;][et_pb_column type=&#8220;1_2&#8243; _builder_version=&#8220;4.18.1&#8243; _module_preset=&#8220;default&#8220; background_color=&#8220;#FFFFFF&#8220; custom_padding=&#8220;30px|30px|30px|30px|true|true&#8220; custom_padding_tablet=&#8220;30px|30px|30px|30px|true|true&#8220; custom_padding_phone=&#8220;20px|20px|20px|20px|true|true&#8220; custom_padding_last_edited=&#8220;on|phone&#8220; border_radii=&#8220;on|24px|24px|24px|24px&#8220; box_shadow_style=&#8220;preset4&#8243; box_shadow_horizontal=&#8220;0px&#8220; box_shadow_vertical=&#8220;100px&#8220; box_shadow_blur=&#8220;100px&#8220; box_shadow_color=&#8220;rgba(194,194,200,0.4)&#8220; global_colors_info=&#8220;{}&#8220; theme_builder_area=&#8220;post_content&#8220;][et_pb_icon font_icon=&#8220;&#xf095;||fa||900&#8243; icon_color=&#8220;#cecece&#8220; icon_width=&#8220;66px&#8220; align=&#8220;left&#8220; _builder_version=&#8220;4.19.5&#8243; _module_preset=&#8220;default&#8220; global_colors_info=&#8220;{}&#8220; theme_builder_area=&#8220;post_content&#8220;][\/et_pb_icon][et_pb_text _builder_version=&#8220;4.19.5&#8243; _module_preset=&#8220;bbbc8432-a764-4541-bd85-717d432f340b&#8220; global_colors_info=&#8220;{}&#8220; theme_builder_area=&#8220;post_content&#8220;]<\/p>\n<h5>IP-Telefonie<\/h5>\n<p>[\/et_pb_text][et_pb_text _builder_version=&#8220;4.19.5&#8243; _module_preset=&#8220;d85bfe34-f6b6-4301-832c-f1968ad3449b&#8220; global_colors_info=&#8220;{}&#8220; theme_builder_area=&#8220;post_content&#8220;]<\/p>\n<p>IP-Telefone.<\/p>\n<p>[\/et_pb_text][\/et_pb_column][et_pb_column type=&#8220;1_2&#8243; _builder_version=&#8220;4.18.1&#8243; _module_preset=&#8220;default&#8220; background_color=&#8220;#FFFFFF&#8220; custom_padding=&#8220;30px|30px|30px|30px|true|true&#8220; custom_padding_tablet=&#8220;30px|30px|30px|30px|true|true&#8220; custom_padding_phone=&#8220;20px|20px|20px|20px|true|true&#8220; custom_padding_last_edited=&#8220;on|phone&#8220; border_radii=&#8220;on|24px|24px|24px|24px&#8220; box_shadow_style=&#8220;preset4&#8243; box_shadow_horizontal=&#8220;0px&#8220; box_shadow_vertical=&#8220;100px&#8220; box_shadow_blur=&#8220;100px&#8220; box_shadow_color=&#8220;rgba(194,194,200,0.4)&#8220; global_colors_info=&#8220;{}&#8220; theme_builder_area=&#8220;post_content&#8220;][et_pb_icon font_icon=&#8220;&#xe604;||divi||400&#8243; icon_color=&#8220;#cecece&#8220; icon_width=&#8220;66px&#8220; align=&#8220;left&#8220; _builder_version=&#8220;4.19.5&#8243; _module_preset=&#8220;default&#8220; global_colors_info=&#8220;{}&#8220; theme_builder_area=&#8220;post_content&#8220;][\/et_pb_icon][et_pb_text _builder_version=&#8220;4.19.5&#8243; _module_preset=&#8220;bbbc8432-a764-4541-bd85-717d432f340b&#8220; global_colors_info=&#8220;{}&#8220; theme_builder_area=&#8220;post_content&#8220;]<\/p>\n<h5>Zugangskontrolle<\/h5>\n<p>[\/et_pb_text][et_pb_text _builder_version=&#8220;4.19.5&#8243; _module_preset=&#8220;d85bfe34-f6b6-4301-832c-f1968ad3449b&#8220; global_colors_info=&#8220;{}&#8220; theme_builder_area=&#8220;post_content&#8220;]<\/p>\n<p>Zugangskontrollsysteme.<\/p>\n<p>[\/et_pb_text][\/et_pb_column][\/et_pb_row][\/et_pb_section]<\/p>\n","protected":false},"excerpt":{"rendered":"<p>Daten- und WiFi-Netzwerke auf Mallorca.WiFi-Netzwerke, IP-Telefonie, Sicherheit, Zugangskontrolle.Wohnumgebungen und Unternehmen.WiFi-NetzwerkeInnen- und Au\u00dfen-WiFi-Zugangspunkte.Wechseln zuRouter und Switches.\u00dcberwachungskamerasIP-\u00dcberwachungskameras.IP-TelefonieIP-Telefone.ZugangskontrolleZugangskontrollsysteme.<\/p>\n","protected":false},"author":1,"featured_media":0,"parent":0,"menu_order":0,"comment_status":"closed","ping_status":"closed","template":"","meta":{"_et_pb_use_builder":"on","_et_pb_old_content":"","_et_gb_content_width":"","footnotes":""},"class_list":["post-7600","page","type-page","status-publish","hentry"],"_links":{"self":[{"href":"https:\/\/www.llambias.com\/de\/wp-json\/wp\/v2\/pages\/7600","targetHints":{"allow":["GET"]}}],"collection":[{"href":"https:\/\/www.llambias.com\/de\/wp-json\/wp\/v2\/pages"}],"about":[{"href":"https:\/\/www.llambias.com\/de\/wp-json\/wp\/v2\/types\/page"}],"author":[{"embeddable":true,"href":"https:\/\/www.llambias.com\/de\/wp-json\/wp\/v2\/users\/1"}],"replies":[{"embeddable":true,"href":"https:\/\/www.llambias.com\/de\/wp-json\/wp\/v2\/comments?post=7600"}],"version-history":[{"count":4,"href":"https:\/\/www.llambias.com\/de\/wp-json\/wp\/v2\/pages\/7600\/revisions"}],"predecessor-version":[{"id":7604,"href":"https:\/\/www.llambias.com\/de\/wp-json\/wp\/v2\/pages\/7600\/revisions\/7604"}],"wp:attachment":[{"href":"https:\/\/www.llambias.com\/de\/wp-json\/wp\/v2\/media?parent=7600"}],"curies":[{"name":"wp","href":"https:\/\/api.w.org\/{rel}","templated":true}]}}