{"id":7655,"date":"2023-02-08T11:22:58","date_gmt":"2023-02-08T10:22:58","guid":{"rendered":"https:\/\/www.llambias.com\/sonos-mallorca\/"},"modified":"2025-10-17T14:43:59","modified_gmt":"2025-10-17T13:43:59","slug":"sonos-mallorca","status":"publish","type":"page","link":"https:\/\/www.llambias.com\/de\/sonos-mallorca\/","title":{"rendered":"Sonos Mallorca"},"content":{"rendered":"<p>[et_pb_section fb_built=&#8220;1&#8243; _builder_version=&#8220;4.19.5&#8243; _module_preset=&#8220;default&#8220; background_color=&#8220;#000000&#8243; custom_padding=&#8220;0px||0px||false|false&#8220; locked=&#8220;off&#8220; global_colors_info=&#8220;{}&#8220;][et_pb_row column_structure=&#8220;1_2,1_2&#8243; _builder_version=&#8220;4.19.5&#8243; _module_preset=&#8220;default&#8220; width=&#8220;100%&#8220; max_width=&#8220;100%&#8220; custom_padding=&#8220;0px||0px||false|false&#8220; global_colors_info=&#8220;{}&#8220;][et_pb_column type=&#8220;1_2&#8243; _builder_version=&#8220;4.19.5&#8243; _module_preset=&#8220;default&#8220; custom_padding=&#8220;14vh|12vh||16vh|false|false&#8220; custom_padding_tablet=&#8220;6vh|6vh|2vh|6vh|false|false&#8220; custom_padding_phone=&#8220;4vh|4vh||4vh|false|false&#8220; custom_padding_last_edited=&#8220;on|desktop&#8220; global_colors_info=&#8220;{}&#8220;][et_pb_text _builder_version=&#8220;4.19.5&#8243; _module_preset=&#8220;94aab0b1-7aa2-49e2-885b-c4befb5a59d2&#8243; header_2_font=&#8220;|600|||||||&#8220; header_2_text_color=&#8220;#FFFFFF&#8220; header_2_font_size=&#8220;50px&#8220; custom_margin=&#8220;||10px||false|false&#8220; header_2_font_size_tablet=&#8220;&#8220; header_2_font_size_phone=&#8220;&#8220; header_2_font_size_last_edited=&#8220;on|phone&#8220; global_colors_info=&#8220;{}&#8220;]<\/p>\n<h2>Sonos Mallorca<\/h2>\n<p>[\/et_pb_text][et_pb_text _builder_version=&#8220;4.19.5&#8243; _module_preset=&#8220;a4c2a08d-bde5-40b7-92f0-875e3c75f2a2&#8243; text_font=&#8220;||||||||&#8220; text_text_color=&#8220;#FFFFFF&#8220; custom_padding=&#8220;||0px|||&#8220; global_colors_info=&#8220;{}&#8220;]<\/p>\n<p>Die ganze Musik der Welt schnell, intuitiv und einfach zug\u00e4nglich. Sonos ist das ultimative Soundsystem. <br \/><strong><br \/>Spezialist f\u00fcr Tontechnik in Palma de Mallorca.<\/strong><\/p>\n<p>[\/et_pb_text][\/et_pb_column][et_pb_column type=&#8220;1_2&#8243; _builder_version=&#8220;4.19.5&#8243; _module_preset=&#8220;default&#8220; global_colors_info=&#8220;{}&#8220;][et_pb_image src=&#8220;https:\/\/www.llambias.com\/wp-content\/uploads\/2023\/02\/sonos-mallorca.jpg&#8220; alt=&#8220;Sonos Mallorca&#8220; title_text=&#8220;Sonos Mallorca&#8220; _builder_version=&#8220;4.19.5&#8243; _module_preset=&#8220;default&#8220; global_colors_info=&#8220;{}&#8220;][\/et_pb_image][\/et_pb_column][\/et_pb_row][\/et_pb_section][et_pb_section fb_built=&#8220;1&#8243; admin_label=&#8220;Features&#8220; _builder_version=&#8220;4.19.0&#8243; _module_preset=&#8220;default&#8220; locked=&#8220;off&#8220; collapsed=&#8220;on&#8220; global_colors_info=&#8220;{}&#8220;][et_pb_row _builder_version=&#8220;4.19.5&#8243; _module_preset=&#8220;default&#8220; locked=&#8220;off&#8220; global_colors_info=&#8220;{}&#8220;][et_pb_column type=&#8220;4_4&#8243; _builder_version=&#8220;4.19.5&#8243; _module_preset=&#8220;default&#8220; global_colors_info=&#8220;{}&#8220;][et_pb_text _builder_version=&#8220;4.19.5&#8243; _module_preset=&#8220;9dc37398-4793-43cd-88b6-bd558a37b7d6&#8243; header_font=&#8220;|600|||||||&#8220; header_text_align=&#8220;center&#8220; header_font_size=&#8220;3vw&#8220; custom_margin_tablet=&#8220;|0%|||false|false&#8220; custom_margin_phone=&#8220;|0%|||false|false&#8220; custom_margin_last_edited=&#8220;on|tablet&#8220; header_font_size_tablet=&#8220;6vw&#8220; header_font_size_phone=&#8220;6vw&#8220; global_colors_info=&#8220;{}&#8220;]<\/p>\n<h1>Was ist Sonos?<\/h1>\n<p>[\/et_pb_text][et_pb_text _builder_version=&#8220;4.19.5&#8243; _module_preset=&#8220;default&#8220; text_letter_spacing=&#8220;0.1em&#8220; text_line_height=&#8220;2em&#8220; header_4_font=&#8220;Poppins||||||||&#8220; header_4_letter_spacing=&#8220;0.3em&#8220; text_orientation=&#8220;center&#8220; global_colors_info=&#8220;{}&#8220;]<\/p>\n<p><strong>Sonos<\/strong> ist das ultimative Musiksystem, mit dem Sie Ihr ganzes Haus oder Ihre Gesch\u00e4ftsr\u00e4ume beschallen k\u00f6nnen. Jetzt haben Sie keine Ausreden mehr, um die beste Musik in Ihrem Leben zu h\u00f6ren. <\/p>\n<p>[\/et_pb_text][\/et_pb_column][\/et_pb_row][et_pb_row column_structure=&#8220;1_3,1_3,1_3&#8243; _builder_version=&#8220;4.19.2&#8243; _module_preset=&#8220;default&#8220; global_colors_info=&#8220;{}&#8220;][et_pb_column type=&#8220;1_3&#8243; _builder_version=&#8220;4.18.1&#8243; _module_preset=&#8220;default&#8220; background_color=&#8220;#FFFFFF&#8220; custom_padding=&#8220;30px|30px|30px|30px|true|true&#8220; custom_padding_tablet=&#8220;30px|30px|30px|30px|true|true&#8220; custom_padding_phone=&#8220;20px|20px|20px|20px|true|true&#8220; custom_padding_last_edited=&#8220;on|phone&#8220; border_radii=&#8220;on|24px|24px|24px|24px&#8220; box_shadow_style=&#8220;preset4&#8243; box_shadow_horizontal=&#8220;0px&#8220; box_shadow_vertical=&#8220;100px&#8220; box_shadow_blur=&#8220;100px&#8220; box_shadow_color=&#8220;rgba(194,194,200,0.4)&#8220; global_colors_info=&#8220;{}&#8220;][et_pb_icon font_icon=&#8220;&#xe602;||divi||400&#8243; icon_color=&#8220;#cecece&#8220; icon_width=&#8220;66px&#8220; align=&#8220;left&#8220; _builder_version=&#8220;4.19.5&#8243; _module_preset=&#8220;default&#8220; global_colors_info=&#8220;{}&#8220;][\/et_pb_icon][et_pb_text _builder_version=&#8220;4.19.5&#8243; _module_preset=&#8220;bbbc8432-a764-4541-bd85-717d432f340b&#8220; global_colors_info=&#8220;{}&#8220;]<\/p>\n<h5>Drahtlos<\/h5>\n<p>[\/et_pb_text][et_pb_text _builder_version=&#8220;4.19.5&#8243; _module_preset=&#8220;d85bfe34-f6b6-4301-832c-f1968ad3449b&#8220; global_colors_info=&#8220;{}&#8220;]<\/p>\n<p>Das Sonos-Soundsystem ist komplett kabellos. Schlie\u00dfen Sie ein gutes Wifi an und los geht&#8217;s! <\/p>\n<p>[\/et_pb_text][\/et_pb_column][et_pb_column type=&#8220;1_3&#8243; _builder_version=&#8220;4.18.1&#8243; _module_preset=&#8220;default&#8220; background_color=&#8220;#FFFFFF&#8220; custom_padding=&#8220;30px|30px|30px|30px|true|true&#8220; custom_padding_tablet=&#8220;30px|30px|30px|30px|true|true&#8220; custom_padding_phone=&#8220;20px|20px|20px|20px|true|true&#8220; custom_padding_last_edited=&#8220;on|phone&#8220; border_radii=&#8220;on|24px|24px|24px|24px&#8220; box_shadow_style=&#8220;preset4&#8243; box_shadow_horizontal=&#8220;0px&#8220; box_shadow_vertical=&#8220;100px&#8220; box_shadow_blur=&#8220;100px&#8220; box_shadow_color=&#8220;rgba(194,194,200,0.4)&#8220; global_colors_info=&#8220;{}&#8220;][et_pb_icon font_icon=&#8220;&#xe00b;||divi||400&#8243; icon_color=&#8220;#cecece&#8220; icon_width=&#8220;66px&#8220; align=&#8220;left&#8220; _builder_version=&#8220;4.19.5&#8243; _module_preset=&#8220;default&#8220; global_colors_info=&#8220;{}&#8220;][\/et_pb_icon][et_pb_text _builder_version=&#8220;4.19.5&#8243; _module_preset=&#8220;bbbc8432-a764-4541-bd85-717d432f340b&#8220; global_colors_info=&#8220;{}&#8220;]<\/p>\n<h5>Sonos App<\/h5>\n<p>[\/et_pb_text][et_pb_text _builder_version=&#8220;4.19.5&#8243; _module_preset=&#8220;d85bfe34-f6b6-4301-832c-f1968ad3449b&#8220; global_colors_info=&#8220;{}&#8220;]<\/p>\n<p>Sie k\u00f6nnen das gesamte System einfach und intuitiv \u00fcber die Sonos App f\u00fcr iOs\/Android steuern.<\/p>\n<p>[\/et_pb_text][\/et_pb_column][et_pb_column type=&#8220;1_3&#8243; _builder_version=&#8220;4.18.1&#8243; _module_preset=&#8220;default&#8220; background_color=&#8220;#FFFFFF&#8220; custom_padding=&#8220;30px|30px|30px|30px|true|true&#8220; custom_padding_tablet=&#8220;30px|30px|30px|30px|true|true&#8220; custom_padding_phone=&#8220;20px|20px|20px|20px|true|true&#8220; custom_padding_last_edited=&#8220;on|phone&#8220; border_radii=&#8220;on|24px|24px|24px|24px&#8220; box_shadow_style=&#8220;preset4&#8243; box_shadow_horizontal=&#8220;0px&#8220; box_shadow_vertical=&#8220;100px&#8220; box_shadow_blur=&#8220;100px&#8220; box_shadow_color=&#8220;rgba(194,194,200,0.4)&#8220; global_colors_info=&#8220;{}&#8220;][et_pb_icon font_icon=&#8220;&#xe004;||divi||400&#8243; icon_color=&#8220;#cecece&#8220; icon_width=&#8220;66px&#8220; align=&#8220;left&#8220; _builder_version=&#8220;4.19.5&#8243; _module_preset=&#8220;default&#8220; global_colors_info=&#8220;{}&#8220;][\/et_pb_icon][et_pb_text _builder_version=&#8220;4.19.5&#8243; _module_preset=&#8220;bbbc8432-a764-4541-bd85-717d432f340b&#8220; global_colors_info=&#8220;{}&#8220;]<\/p>\n<h5>Musik streamen<\/h5>\n<p>[\/et_pb_text][et_pb_text _builder_version=&#8220;4.19.5&#8243; _module_preset=&#8220;d85bfe34-f6b6-4301-832c-f1968ad3449b&#8220; global_colors_info=&#8220;{}&#8220;]<\/p>\n<p>Jetzt k\u00f6nnen Sie die Musik, die Sie wollen, von \u00fcberall aus h\u00f6ren, wo Sie wollen. Sonos ist kompatibel mit Spotify, Deezer, Qobuz, Tidal, Apple Music&#8230; <\/p>\n<p>[\/et_pb_text][\/et_pb_column][\/et_pb_row][et_pb_row column_structure=&#8220;1_2,1_2&#8243; _builder_version=&#8220;4.19.2&#8243; _module_preset=&#8220;default&#8220; global_colors_info=&#8220;{}&#8220;][et_pb_column type=&#8220;1_2&#8243; _builder_version=&#8220;4.18.1&#8243; _module_preset=&#8220;default&#8220; background_color=&#8220;#FFFFFF&#8220; custom_padding=&#8220;30px|30px|30px|30px|true|true&#8220; custom_padding_tablet=&#8220;30px|30px|30px|30px|true|true&#8220; custom_padding_phone=&#8220;20px|20px|20px|20px|true|true&#8220; custom_padding_last_edited=&#8220;on|phone&#8220; border_radii=&#8220;on|24px|24px|24px|24px&#8220; box_shadow_style=&#8220;preset4&#8243; box_shadow_horizontal=&#8220;0px&#8220; box_shadow_vertical=&#8220;100px&#8220; box_shadow_blur=&#8220;100px&#8220; box_shadow_color=&#8220;rgba(194,194,200,0.4)&#8220; global_colors_info=&#8220;{}&#8220;][et_pb_icon font_icon=&#8220;&#xf519;||fa||900&#8243; icon_color=&#8220;#cecece&#8220; icon_width=&#8220;66px&#8220; align=&#8220;left&#8220; _builder_version=&#8220;4.19.5&#8243; _module_preset=&#8220;default&#8220; global_colors_info=&#8220;{}&#8220;][\/et_pb_icon][et_pb_text _builder_version=&#8220;4.19.5&#8243; _module_preset=&#8220;bbbc8432-a764-4541-bd85-717d432f340b&#8220; global_colors_info=&#8220;{}&#8220;]<\/p>\n<h5>Internet Radio<\/h5>\n<p>[\/et_pb_text][et_pb_text _builder_version=&#8220;4.19.5&#8243; _module_preset=&#8220;d85bfe34-f6b6-4301-832c-f1968ad3449b&#8220; global_colors_info=&#8220;{}&#8220;]<\/p>\n<p>Sie k\u00f6nnen alle Internet-Radiosender v\u00f6llig kostenlos anh\u00f6ren.<\/p>\n<p>[\/et_pb_text][\/et_pb_column][et_pb_column type=&#8220;1_2&#8243; _builder_version=&#8220;4.18.1&#8243; _module_preset=&#8220;default&#8220; background_color=&#8220;#FFFFFF&#8220; custom_padding=&#8220;30px|30px|30px|30px|true|true&#8220; custom_padding_tablet=&#8220;30px|30px|30px|30px|true|true&#8220; custom_padding_phone=&#8220;20px|20px|20px|20px|true|true&#8220; custom_padding_last_edited=&#8220;on|phone&#8220; border_radii=&#8220;on|24px|24px|24px|24px&#8220; box_shadow_style=&#8220;preset4&#8243; box_shadow_horizontal=&#8220;0px&#8220; box_shadow_vertical=&#8220;100px&#8220; box_shadow_blur=&#8220;100px&#8220; box_shadow_color=&#8220;rgba(194,194,200,0.4)&#8220; global_colors_info=&#8220;{}&#8220;][et_pb_icon font_icon=&#8220;&#xf144;||fa||400&#8243; icon_color=&#8220;#cecece&#8220; icon_width=&#8220;66px&#8220; align=&#8220;left&#8220; _builder_version=&#8220;4.19.5&#8243; _module_preset=&#8220;default&#8220; global_colors_info=&#8220;{}&#8220;][\/et_pb_icon][et_pb_text _builder_version=&#8220;4.19.5&#8243; _module_preset=&#8220;bbbc8432-a764-4541-bd85-717d432f340b&#8220; global_colors_info=&#8220;{}&#8220;]<\/p>\n<h5>Musikbibliothek<\/h5>\n<p>[\/et_pb_text][et_pb_text _builder_version=&#8220;4.19.5&#8243; _module_preset=&#8220;d85bfe34-f6b6-4301-832c-f1968ad3449b&#8220; global_colors_info=&#8220;{}&#8220;]<\/p>\n<p>Ihre gesamte Musiksammlung hat auch einen Platz auf Sonos. Spielen Sie auf Ihrem PC oder Smartphone gespeicherte Musik ab. <\/p>\n<p>[\/et_pb_text][\/et_pb_column][\/et_pb_row][\/et_pb_section][et_pb_section fb_built=&#8220;1&#8243; admin_label=&#8220;Feature&#8220; _builder_version=&#8220;4.19.5&#8243; _module_preset=&#8220;default&#8220; background_color=&#8220;#000000&#8243; locked=&#8220;off&#8220; collapsed=&#8220;off&#8220; global_colors_info=&#8220;{}&#8220;][et_pb_row _builder_version=&#8220;4.19.5&#8243; _module_preset=&#8220;default&#8220; global_colors_info=&#8220;{}&#8220;][et_pb_column type=&#8220;4_4&#8243; _builder_version=&#8220;4.19.5&#8243; _module_preset=&#8220;default&#8220; global_colors_info=&#8220;{}&#8220;][et_pb_text _builder_version=&#8220;4.19.5&#8243; _module_preset=&#8220;ede3463c-0ba5-4331-80bf-7d51eb16b724&#8243; header_2_font_size=&#8220;3vw&#8220; text_orientation=&#8220;center&#8220; background_layout=&#8220;dark&#8220; custom_margin=&#8220;||||false|false&#8220; global_colors_info=&#8220;{}&#8220;]<\/p>\n<h2>Sonos-Ger\u00e4te<\/h2>\n<p>[\/et_pb_text][\/et_pb_column][\/et_pb_row][et_pb_row column_structure=&#8220;1_4,1_4,1_4,1_4&#8243; _builder_version=&#8220;4.19.5&#8243; _module_preset=&#8220;default&#8220; global_colors_info=&#8220;{}&#8220;][et_pb_column type=&#8220;1_4&#8243; _builder_version=&#8220;4.19.5&#8243; _module_preset=&#8220;default&#8220; global_colors_info=&#8220;{}&#8220;][et_pb_text _builder_version=&#8220;4.19.5&#8243; _module_preset=&#8220;84e9d016-0ea7-476d-960c-b4f84d9a4e33&#8243; header_5_font=&#8220;Poppins|600|||||||&#8220; header_5_font_size=&#8220;20px&#8220; background_layout=&#8220;dark&#8220; custom_margin=&#8220;||10px||false|false&#8220; global_colors_info=&#8220;{}&#8220;]<\/p>\n<h5>Sonos FIVE<\/h5>\n<p>[\/et_pb_text][et_pb_text _builder_version=&#8220;4.25.1&#8243; _module_preset=&#8220;84e9d016-0ea7-476d-960c-b4f84d9a4e33&#8243; header_5_font=&#8220;Poppins|600|||||||&#8220; header_5_font_size=&#8220;20px&#8220; background_layout=&#8220;dark&#8220; custom_margin=&#8220;||10px||false|false&#8220; hover_enabled=&#8220;0&#8243; global_colors_info=&#8220;{}&#8220; sticky_enabled=&#8220;0&#8243;]<\/p>\n<h5>Sonos BEAM<\/h5>\n<p>[\/et_pb_text][et_pb_text _builder_version=&#8220;4.19.5&#8243; _module_preset=&#8220;84e9d016-0ea7-476d-960c-b4f84d9a4e33&#8243; header_5_font=&#8220;Poppins|600|||||||&#8220; header_5_font_size=&#8220;20px&#8220; background_layout=&#8220;dark&#8220; custom_margin=&#8220;||10px||false|false&#8220; global_colors_info=&#8220;{}&#8220;]<\/p>\n<h5>Sonos PORT<\/h5>\n<p>[\/et_pb_text][et_pb_text _builder_version=&#8220;4.19.5&#8243; _module_preset=&#8220;84e9d016-0ea7-476d-960c-b4f84d9a4e33&#8243; header_5_font=&#8220;Poppins|600|||||||&#8220; header_5_font_size=&#8220;20px&#8220; background_layout=&#8220;dark&#8220; custom_margin=&#8220;||10px||false|false&#8220; global_colors_info=&#8220;{}&#8220;]<\/p>\n<h5>Sonos OUTDOOR von Sonance<\/h5>\n<p>[\/et_pb_text][\/et_pb_column][et_pb_column type=&#8220;1_4&#8243; _builder_version=&#8220;4.19.5&#8243; _module_preset=&#8220;default&#8220; global_colors_info=&#8220;{}&#8220;][et_pb_text _builder_version=&#8220;4.25.1&#8243; _module_preset=&#8220;84e9d016-0ea7-476d-960c-b4f84d9a4e33&#8243; header_5_font=&#8220;Poppins|600|||||||&#8220; header_5_font_size=&#8220;20px&#8220; background_layout=&#8220;dark&#8220; custom_margin=&#8220;||10px||false|false&#8220; hover_enabled=&#8220;0&#8243; global_colors_info=&#8220;{}&#8220; sticky_enabled=&#8220;0&#8243;]<\/p>\n<h5>Sonos ONE<\/h5>\n<p>[\/et_pb_text][et_pb_text _builder_version=&#8220;4.19.5&#8243; _module_preset=&#8220;84e9d016-0ea7-476d-960c-b4f84d9a4e33&#8243; header_5_font=&#8220;Poppins|600|||||||&#8220; header_5_font_size=&#8220;20px&#8220; background_layout=&#8220;dark&#8220; custom_margin=&#8220;||10px||false|false&#8220; global_colors_info=&#8220;{}&#8220;]<\/p>\n<h5>Sonos RAY<\/h5>\n<p>[\/et_pb_text][et_pb_text _builder_version=&#8220;4.19.5&#8243; _module_preset=&#8220;84e9d016-0ea7-476d-960c-b4f84d9a4e33&#8243; header_5_font=&#8220;Poppins|600|||||||&#8220; header_5_font_size=&#8220;20px&#8220; background_layout=&#8220;dark&#8220; custom_margin=&#8220;||10px||false|false&#8220; hover_enabled=&#8220;0&#8243; global_colors_info=&#8220;{}&#8220; sticky_enabled=&#8220;0&#8243;]<\/p>\n<h5>Sonos AMP<\/h5>\n<p>[\/et_pb_text][et_pb_text _builder_version=&#8220;4.25.1&#8243; _module_preset=&#8220;84e9d016-0ea7-476d-960c-b4f84d9a4e33&#8243; header_5_font=&#8220;Poppins|600|||||||&#8220; header_5_font_size=&#8220;20px&#8220; background_layout=&#8220;dark&#8220; custom_margin=&#8220;||10px||false|false&#8220; hover_enabled=&#8220;0&#8243; global_colors_info=&#8220;{}&#8220; sticky_enabled=&#8220;0&#8243;]<\/p>\n<h5>Sonos ERA 300<\/h5>\n<p>[\/et_pb_text][\/et_pb_column][et_pb_column type=&#8220;1_4&#8243; _builder_version=&#8220;4.19.5&#8243; _module_preset=&#8220;default&#8220; global_colors_info=&#8220;{}&#8220;][et_pb_text _builder_version=&#8220;4.25.1&#8243; _module_preset=&#8220;84e9d016-0ea7-476d-960c-b4f84d9a4e33&#8243; header_5_font=&#8220;Poppins|600|||||||&#8220; header_5_font_size=&#8220;20px&#8220; background_layout=&#8220;dark&#8220; custom_margin=&#8220;||10px||false|false&#8220; hover_enabled=&#8220;0&#8243; global_colors_info=&#8220;{}&#8220; sticky_enabled=&#8220;0&#8243;]<\/p>\n<h5>Sonos SUB<\/h5>\n<p>[\/et_pb_text][et_pb_text _builder_version=&#8220;4.19.5&#8243; _module_preset=&#8220;84e9d016-0ea7-476d-960c-b4f84d9a4e33&#8243; header_5_font=&#8220;Poppins|600|||||||&#8220; header_5_font_size=&#8220;20px&#8220; background_layout=&#8220;dark&#8220; custom_margin=&#8220;||10px||false|false&#8220; global_colors_info=&#8220;{}&#8220;]<\/p>\n<h5>Sonos MOVE<\/h5>\n<p>[\/et_pb_text][et_pb_text _builder_version=&#8220;4.19.5&#8243; _module_preset=&#8220;84e9d016-0ea7-476d-960c-b4f84d9a4e33&#8243; header_5_font=&#8220;Poppins|600|||||||&#8220; header_5_font_size=&#8220;20px&#8220; background_layout=&#8220;dark&#8220; custom_margin=&#8220;||10px||false|false&#8220; global_colors_info=&#8220;{}&#8220;]<\/p>\n<h5>Sonos IN-CEILING<\/h5>\n<p>[\/et_pb_text][et_pb_text _builder_version=&#8220;4.25.1&#8243; _module_preset=&#8220;84e9d016-0ea7-476d-960c-b4f84d9a4e33&#8243; header_5_font=&#8220;Poppins|600|||||||&#8220; header_5_font_size=&#8220;20px&#8220; background_layout=&#8220;dark&#8220; custom_margin=&#8220;||10px||false|false&#8220; hover_enabled=&#8220;0&#8243; global_colors_info=&#8220;{}&#8220; sticky_enabled=&#8220;0&#8243;]<\/p>\n<h5>Sonos SUB Mini<\/h5>\n<p>[\/et_pb_text][\/et_pb_column][et_pb_column type=&#8220;1_4&#8243; _builder_version=&#8220;4.19.5&#8243; _module_preset=&#8220;default&#8220; global_colors_info=&#8220;{}&#8220;][et_pb_text _builder_version=&#8220;4.25.1&#8243; _module_preset=&#8220;84e9d016-0ea7-476d-960c-b4f84d9a4e33&#8243; header_5_font=&#8220;Poppins|600|||||||&#8220; header_5_font_size=&#8220;20px&#8220; background_layout=&#8220;dark&#8220; custom_margin=&#8220;||10px||false|false&#8220; hover_enabled=&#8220;0&#8243; global_colors_info=&#8220;{}&#8220; sticky_enabled=&#8220;0&#8243;]<\/p>\n<h5>Sonos ARC<\/h5>\n<p>[\/et_pb_text][et_pb_text _builder_version=&#8220;4.19.5&#8243; _module_preset=&#8220;84e9d016-0ea7-476d-960c-b4f84d9a4e33&#8243; header_5_font=&#8220;Poppins|600|||||||&#8220; header_5_font_size=&#8220;20px&#8220; background_layout=&#8220;dark&#8220; custom_margin=&#8220;||10px||false|false&#8220; global_colors_info=&#8220;{}&#8220;]<\/p>\n<h5>Sonos ROAM<\/h5>\n<p>[\/et_pb_text][et_pb_text _builder_version=&#8220;4.19.5&#8243; _module_preset=&#8220;84e9d016-0ea7-476d-960c-b4f84d9a4e33&#8243; header_5_font=&#8220;Poppins|600|||||||&#8220; header_5_font_size=&#8220;20px&#8220; background_layout=&#8220;dark&#8220; custom_margin=&#8220;||10px||false|false&#8220; global_colors_info=&#8220;{}&#8220;]<\/p>\n<h5>Sonos IN-WALL<\/h5>\n<p>[\/et_pb_text][et_pb_text _builder_version=&#8220;4.25.1&#8243; _module_preset=&#8220;84e9d016-0ea7-476d-960c-b4f84d9a4e33&#8243; header_5_font=&#8220;Poppins|600|||||||&#8220; header_5_font_size=&#8220;20px&#8220; background_layout=&#8220;dark&#8220; custom_margin=&#8220;||10px||false|false&#8220; hover_enabled=&#8220;0&#8243; global_colors_info=&#8220;{}&#8220; sticky_enabled=&#8220;0&#8243;]<\/p>\n<h5>Sonos ACE  <\/h5>\n<p>[\/et_pb_text][\/et_pb_column][\/et_pb_row][\/et_pb_section][et_pb_section fb_built=&#8220;1&#8243; _builder_version=&#8220;4.19.5&#8243; _module_preset=&#8220;default&#8220; global_colors_info=&#8220;{}&#8220;][et_pb_row use_custom_gutter=&#8220;on&#8220; gutter_width=&#8220;2&#8243; make_equal=&#8220;on&#8220; _builder_version=&#8220;4.19.5&#8243; _module_preset=&#8220;default&#8220; width=&#8220;90%&#8220; max_width=&#8220;90%&#8220; global_colors_info=&#8220;{}&#8220;][et_pb_column type=&#8220;4_4&#8243; _builder_version=&#8220;4.19.5&#8243; _module_preset=&#8220;default&#8220; global_colors_info=&#8220;{}&#8220;][et_pb_gallery gallery_ids=&#8220;5410,5407,5408,5409,5406&#8243; posts_number=&#8220;100&#8243; orientation=&#8220;portrait&#8220; show_title_and_caption=&#8220;off&#8220; show_pagination=&#8220;off&#8220; _builder_version=&#8220;4.19.5&#8243; _module_preset=&#8220;default&#8220; hover_enabled=&#8220;0&#8243; global_colors_info=&#8220;{}&#8220; theme_builder_area=&#8220;post_content&#8220; sticky_enabled=&#8220;0&#8243;][\/et_pb_gallery][\/et_pb_column][\/et_pb_row][\/et_pb_section]<\/p>\n","protected":false},"excerpt":{"rendered":"<p>Sonos MallorcaDie ganze Musik der Welt schnell, intuitiv und einfach zug\u00e4nglich. Sonos ist das ultimative Soundsystem. Spezialist f\u00fcr Tontechnik in Palma de Mallorca.Was ist Sonos?Sonos ist das ultimative Musiksystem, mit dem Sie Ihr ganzes Haus oder Ihre Gesch\u00e4ftsr\u00e4ume beschallen k\u00f6nnen. Jetzt haben Sie keine Ausreden mehr, um die beste Musik in Ihrem Leben zu h\u00f6ren. [&hellip;]<\/p>\n","protected":false},"author":1,"featured_media":0,"parent":0,"menu_order":0,"comment_status":"closed","ping_status":"closed","template":"","meta":{"_et_pb_use_builder":"on","_et_pb_old_content":"","_et_gb_content_width":"","footnotes":""},"class_list":["post-7655","page","type-page","status-publish","hentry"],"_links":{"self":[{"href":"https:\/\/www.llambias.com\/de\/wp-json\/wp\/v2\/pages\/7655","targetHints":{"allow":["GET"]}}],"collection":[{"href":"https:\/\/www.llambias.com\/de\/wp-json\/wp\/v2\/pages"}],"about":[{"href":"https:\/\/www.llambias.com\/de\/wp-json\/wp\/v2\/types\/page"}],"author":[{"embeddable":true,"href":"https:\/\/www.llambias.com\/de\/wp-json\/wp\/v2\/users\/1"}],"replies":[{"embeddable":true,"href":"https:\/\/www.llambias.com\/de\/wp-json\/wp\/v2\/comments?post=7655"}],"version-history":[{"count":2,"href":"https:\/\/www.llambias.com\/de\/wp-json\/wp\/v2\/pages\/7655\/revisions"}],"predecessor-version":[{"id":7657,"href":"https:\/\/www.llambias.com\/de\/wp-json\/wp\/v2\/pages\/7655\/revisions\/7657"}],"wp:attachment":[{"href":"https:\/\/www.llambias.com\/de\/wp-json\/wp\/v2\/media?parent=7655"}],"curies":[{"name":"wp","href":"https:\/\/api.w.org\/{rel}","templated":true}]}}